{"id":71,"date":"2011-10-29T12:50:25","date_gmt":"2011-10-29T10:50:25","guid":{"rendered":"http:\/\/dkz.hr\/?page_id=71"},"modified":"2021-10-05T09:17:22","modified_gmt":"2021-10-05T08:17:22","slug":"zakonodavstvo","status":"publish","type":"page","link":"https:\/\/dkz.hr\/?page_id=71","title":{"rendered":"Zakonodavstvo"},"content":{"rendered":"<h2>Zakoni<\/h2>\n<ul>\n<li>Zakon o knji\u017enicama i knji\u017eni\u010dnoj djelatnosti (<a href=\"https:\/\/narodne-novine.nn.hr\/clanci\/sluzbeni\/2019_02_17_356.html\" target=\"_blank\" rel=\"noopener noreferrer\">NN 17\/2019<\/a>)<\/li>\n<li>Zakon o ustanovama (<a href=\"http:\/\/www.nn.hr\/clanci\/sluzbeno\/1993\/1548.htm\" target=\"_blank\" rel=\"noopener noreferrer\">NN 76\/93<\/a>;\u00a0<a href=\"http:\/\/www.nn.hr\/clanci\/sluzbeno\/1997\/0427.htm\" target=\"_blank\" rel=\"noopener noreferrer\">NN 29\/97<\/a>,\u00a0<a href=\"http:\/\/www.nn.hr\/clanci\/sluzbeno\/1999\/0924.htm\" target=\"_blank\" rel=\"noopener noreferrer\">NN 47\/99\u00a0<\/a>&#8211; Ispravak i\u00a0<a href=\"http:\/\/www.nn.hr\/clanci\/sluzbeno\/2008\/1142.htm\" target=\"_blank\" rel=\"noopener noreferrer\">NN 35\/08<\/a>)<\/li>\n<li>Zakon o upravljanju javnim ustanovama u kulturi (<a href=\"http:\/\/www.nn.hr\/clanci\/sluzbeno\/2001\/1611.htm\" target=\"_blank\" rel=\"noopener noreferrer\">NN 96\/2001<\/a>)<\/li>\n<li>Zakon o financiranju javnih potreba u kulturi (<a href=\"http:\/\/www.nn.hr\/clanci\/sluzbeno\/1993\/0468.htm\" target=\"_blank\" rel=\"noopener noreferrer\">NN 27\/93<\/a>)<\/li>\n<li>Zakon o za\u0161titi i o\u010duvanju kulturnih dobara (<a href=\"http:\/\/www.nn.hr\/clanci\/sluzbeno\/1999\/1284.htm\" target=\"_blank\" rel=\"noopener noreferrer\">NN 69\/99<\/a>)<\/li>\n<li>Zakon o odgoju i obrazovanju u osnovnoj i srednjoj \u0161koli (<a href=\"http:\/\/narodne-novine.nn.hr\/clanci\/sluzbeni\/2008_07_87_2789.html\" target=\"_blank\" rel=\"noopener noreferrer\">NN 87\/08<\/a>)<\/li>\n<\/ul>\n<div>\n<h2>Pravilnici<\/h2>\n<ul>\n<li>Pravilnik o uvjetima i na\u010dinu stjecanja stru\u010dnih zvanja u knji\u017eni\u010darskoj struci (<a href=\"https:\/\/narodne-novine.nn.hr\/clanci\/sluzbeni\/2021_10_107_1886.html\">NN 107\/2021<\/a>)<\/li>\n<li>Pravilnik o mati\u010dnoj djelatnosti knji\u017enica u Republici Hrvatskoj (<a href=\"http:\/\/www.nn.hr\/clanci\/sluzbeno\/2001\/0715.htm\" target=\"_blank\" rel=\"noopener noreferrer\">NN 43\/2001<\/a>)<\/li>\n<li>Pravilnik o reviziji i otpisu knji\u017eni\u010dne gra\u0111e (<a href=\"http:\/\/www.nn.hr\/clanci\/sluzbeno\/2002\/0503.htm\" target=\"_blank\" rel=\"noopener noreferrer\">NN 21\/02<\/a>)<\/li>\n<li>Pravilnik o upisniku knji\u017enica i knji\u017enica u sastavu (<a href=\"http:\/\/www.nn.hr\/clanci\/sluzbeno\/1998\/1716.htm\" target=\"_blank\" rel=\"noopener noreferrer\">NN 139\/98<\/a>)<\/li>\n<li>Pravilnik o za\u0161titi knji\u017eni\u010dne gra\u0111e (<a href=\"http:\/\/www.nn.hr\/clanci\/sluzbeno\/2005\/1001.htm\" target=\"_blank\" rel=\"noopener noreferrer\">NN 52\/05<\/a>)<\/li>\n<li>Pravilnik o polaganju stru\u010dnih ispita u knji\u017eni\u010darskoj struci s programom stru\u010dnih ispita (<a href=\"http:\/\/www.nn.hr\/clanci\/sluzbeno\/1999\/0456.htm\" target=\"_blank\" rel=\"noopener noreferrer\">NN 21\/99<\/a>)<\/li>\n<li>Pravilnik o uvjetima i na\u010dinu stjecanja stru\u010dnih zvanja u knji\u017eni\u010darskoj struci (<a href=\"http:\/\/narodne-novine.nn.hr\/clanci\/sluzbeni\/2011_03_28_584.html\" target=\"_blank\" rel=\"noopener noreferrer\">NN 28\/11<\/a>)<\/li>\n<\/ul>\n<\/div>\n<div>\n<div>\n<h2>Standardi<\/h2>\n<\/div>\n<div>\n<ul>\n<li>Standardi za narodne knji\u017enice u Republici Hrvatskoj sa standardima za pokretne knji\u017enice-bibliobuse (<a href=\"https:\/\/narodne-novine.nn.hr\/clanci\/sluzbeni\/2021_09_103_1834.html\" target=\"_blank\" rel=\"noopener noreferrer\">NN 103\/2021<\/a>)<\/li>\n<li>Standard za \u0161kolske knji\u017enice (<a href=\"http:\/\/www.nn.hr\/clanci\/sluzbeno\/2000\/0698.htm\" target=\"_blank\" rel=\"noopener noreferrer\">NN 34\/00<\/a>)<\/li>\n<li>Dr\u017eavni pedago\u0161ki standard za sustav osnovno\u0161kolskog obrazovanja (<a href=\"http:\/\/narodne-novine.nn.hr\/clanci\/sluzbeni\/2008_06_63_2129.html\" target=\"_blank\" rel=\"noopener noreferrer\">NN 63\/08<\/a>)<\/li>\n<li>Dr\u017eavni pedago\u0161ki standard za sustav srednjo\u0161kolskog obrazovanja (<a href=\"http:\/\/narodne-novine.nn.hr\/clanci\/sluzbeni\/2008_06_63_2130.html\" target=\"_blank\" rel=\"noopener noreferrer\">NN 63\/08<\/a>)<\/li>\n<\/ul>\n<div>\n<h2>Me\u0111unarodni dokumenti<\/h2>\n<\/div>\n<div>\n<ul>\n<li>UNESCO-v Manifest za narodne knji\u017enice (HBD Novosti, 1995, 5, str. 11)<\/li>\n<li>UNESCO-v Manifest za \u0161kolske knji\u017enice (HKD Novosti, 1999, 13, str. 25)<\/li>\n<li>Knji\u017enice i intelektualna sloboda, izjava IFLA\/FAIFE (HKD Novosti, 1999, 13, str. 11)<\/li>\n<li>Kopenha\u0161ka deklaracija (HKD Novosti, 2000, 14, str. 15)<\/li>\n<\/ul>\n<\/div>\n<\/div>\n<\/div>\n","protected":false},"excerpt":{"rendered":"<p>Zakoni Zakon o knji\u017enicama i knji\u017eni\u010dnoj djelatnosti (NN 17\/2019) Zakon o ustanovama (NN 76\/93;\u00a0NN 29\/97,\u00a0NN 47\/99\u00a0&#8211; Ispravak i\u00a0NN 35\/08) Zakon o upravljanju javnim ustanovama u kulturi (NN 96\/2001) Zakon o financiranju javnih potreba u kulturi (NN 27\/93) Zakon o za\u0161titi i o\u010duvanju kulturnih dobara (NN 69\/99) Zakon o odgoju i obrazovanju u osnovnoj i srednjoj &hellip; <a href=\"https:\/\/dkz.hr\/?page_id=71\" class=\"more-link\">Nastavi \u010ditati <span class=\"screen-reader-text\">Zakonodavstvo<\/span><\/a><\/p>\n","protected":false},"author":9,"featured_media":0,"parent":60,"menu_order":4,"comment_status":"closed","ping_status":"closed","template":"","meta":{"footnotes":""},"class_list":["post-71","page","type-page","status-publish","hentry"],"_links":{"self":[{"href":"https:\/\/dkz.hr\/index.php?rest_route=\/wp\/v2\/pages\/71","targetHints":{"allow":["GET"]}}],"collection":[{"href":"https:\/\/dkz.hr\/index.php?rest_route=\/wp\/v2\/pages"}],"about":[{"href":"https:\/\/dkz.hr\/index.php?rest_route=\/wp\/v2\/types\/page"}],"author":[{"embeddable":true,"href":"https:\/\/dkz.hr\/index.php?rest_route=\/wp\/v2\/users\/9"}],"replies":[{"embeddable":true,"href":"https:\/\/dkz.hr\/index.php?rest_route=%2Fwp%2Fv2%2Fcomments&post=71"}],"version-history":[{"count":8,"href":"https:\/\/dkz.hr\/index.php?rest_route=\/wp\/v2\/pages\/71\/revisions"}],"predecessor-version":[{"id":2214,"href":"https:\/\/dkz.hr\/index.php?rest_route=\/wp\/v2\/pages\/71\/revisions\/2214"}],"up":[{"embeddable":true,"href":"https:\/\/dkz.hr\/index.php?rest_route=\/wp\/v2\/pages\/60"}],"wp:attachment":[{"href":"https:\/\/dkz.hr\/index.php?rest_route=%2Fwp%2Fv2%2Fmedia&parent=71"}],"curies":[{"name":"wp","href":"https:\/\/api.w.org\/{rel}","templated":true}]}}