{"id":69,"date":"2020-09-18T13:14:11","date_gmt":"2020-09-18T12:14:11","guid":{"rendered":"http:\/\/dkz.hr\/?page_id=69"},"modified":"2025-12-01T14:03:14","modified_gmt":"2025-12-01T13:03:14","slug":"zapisnici","status":"publish","type":"page","link":"https:\/\/dkz.hr\/?page_id=69","title":{"rendered":"Zapisnici"},"content":{"rendered":"\n<p><a href=\"https:\/\/dkz.hr\/wp-content\/uploads\/2025\/12\/Zapisnik-s-Izborne-skupstine-Drustva-knjiznicara-Zadar-odrzane-18.-rujna-2025.-godine.pdf\" data-type=\"link\" data-id=\"https:\/\/dkz.hr\/wp-content\/uploads\/2025\/12\/Zapisnik-s-Izborne-skupstine-Drustva-knjiznicara-Zadar-odrzane-18.-rujna-2025.-godine.pdf\" target=\"_blank\" rel=\"noreferrer noopener\">Zapisnik s Izborne skup\u0161tine Dru\u0161tva knji\u017eni\u010dara Zadar odr\u017eane 18. rujna 2025. godine<\/a><\/p>\n\n\n\n<p><a href=\"https:\/\/dkz.hr\/wp-content\/uploads\/2024\/09\/zapisnik_DK_2024-1.pdf\" target=\"_blank\" rel=\"noreferrer noopener\">Zapisnik s Izborne skup\u0161tine Dru\u0161tva knji\u017eni\u010dara Zadar odr\u017eane 12. rujna 2024. godine<\/a><\/p>\n\n\n<p><a href=\"https:\/\/dkz.hr\/wp-content\/uploads\/2023\/09\/zapisnik_Izborna-skupstina_DKZ_20_09_2023-1.pdf\" target=\"_blank\" rel=\"noopener noreferrer\">Zapisnik s Izborne skup\u0161tine Dru\u0161tva knji\u017eni\u010dara Zadar odr\u017eane 20. rujna 2023. godine<\/a><\/p>\n<p><a href=\"https:\/\/dkz.hr\/wp-content\/uploads\/2023\/01\/Godisnja-skupstina-DKZ_2022_zapisnik.pdf\" target=\"_blank\" rel=\"noopener noreferrer\">Zapisnik s Godi\u0161nje skup\u0161tine Dru\u0161tva knji\u017eni\u010dara Zadar odr\u017eane 19. rujna 2022. godine<\/a><\/p>\n<p><a href=\"https:\/\/dkz.hr\/wp-content\/uploads\/2021\/09\/Godisnja-skupstina-DKZ_odrzana_el._putem_2021_zapisnik.pdf\" rel=\"attachment wp-att-2195\">Zapisnik s Godi\u0161nje skup\u0161tine Dru\u0161tva knji\u017eni\u010dara Zadar odr\u017eane elektroni\u010dkim putem u periodu od 20. do 27. rujna 2021. godine<\/a><\/p>\n<p><a href=\"https:\/\/dkz.hr\/wp-content\/uploads\/2020\/09\/Godisnja-skupstina-DKZ_odrzana_el._putem_2020_zapisnik.pdf\" rel=\"attachment wp-att-2050\">Zapisnik s Godi\u0161nje skup\u0161tine Dru\u0161tva knji\u017eni\u010dara Zadar odr\u017eane elektroni\u010dkim putem u periodu od 7. do 15. rujna 2020. godine<\/a><\/p>\n<p><a href=\"https:\/\/dkz.hr\/wp-content\/uploads\/2020\/04\/Sastanak-clanova-Dru%C5%A1tva-knji%C5%BEnicara-Zadar-06-03-2020_zapisnik.docx\">Zapisnik sa sastanka Dru\u0161tva knji\u017eni\u010dara Zadar 6. o\u017eujka 2020.<\/a><\/p>\n<p><a href=\"https:\/\/dkz.hr\/wp-content\/uploads\/2023\/09\/Zapisnik_izborna-skupstina_24_09_2019.pdf\" target=\"_blank\" rel=\"noopener noreferrer\">Zapisnik s izborne skup\u0161tine Dru\u0161tva knji\u017eni\u010dara Zadar: 24. rujna 2019.<\/a><\/p>\n<p><a href=\"https:\/\/dkz.hr\/wp-content\/uploads\/2018\/12\/Skupstina_DKZ_2018_3_zapisnik.doc\" target=\"_blank\" rel=\"noopener noreferrer\">Zapisnik sa skup\u0161tine Dru\u0161tva knji\u017eni\u010dara Zadar 7. studenoga 2018.<\/a><\/p>\n<p><a href=\"https:\/\/dkz.hr\/wp-content\/uploads\/2017\/12\/dkz_skupstina_2017_zapisnik.doc\" target=\"_blank\" rel=\"noopener noreferrer\">Zapisnik sa skup\u0161tine Dru\u0161tva knji\u017eni\u010dara Zadar: 8. prosinca 2017.<\/a><\/p>\n<p><a href=\"https:\/\/dkz.hr\/wp-content\/uploads\/2016\/06\/DKZ_skupstina_17_lipnja_2016_zapisnik_fin.pdf\" target=\"_blank\" rel=\"noopener noreferrer\">Zapisnik sa skup\u0161tine Dru\u0161tva knji\u017eni\u010dara Zadar: 17. lipnja 2016.<\/a><\/p>\n<p><a href=\"http:\/\/dkz.hr\/wp-content\/uploads\/2015\/09\/Zapisnik_16_09_2015_fin.doc\" target=\"_blank\" rel=\"noopener noreferrer\">Zapisnik s izborne skup\u0161tine Dru\u0161tva knji\u017eni\u010dara Zadar: 16. rujna 2015.<\/a><\/p>\n<p><a href=\"http:\/\/dkz.hr\/wp-content\/uploads\/2015\/06\/Zapisnik_29_6_2015-1.pdf\" target=\"_blank\" rel=\"noopener noreferrer\">Zapisnik s izborne skup\u0161tine Dru\u0161tva knji\u017eni\u010dara Zadar: 29. lipnja 2015.<\/a><\/p>\n<p><a href=\"http:\/\/dkz.hr\/wp-content\/uploads\/2014\/11\/Kolokvij_nakon_Skupstine_Split_2014_izvjesce.pdf\" target=\"_blank\" rel=\"noopener noreferrer\">Zapisnik s 5. stru\u010dnog kolokvija Dru\u0161tva knji\u017eni\u010dara Zadar<\/a><\/p>\n<p><a href=\"http:\/\/dkz.hr\/wp-content\/uploads\/2014\/09\/Skupstine_DKZ_25_09_2014_zapisnik.pdf\" target=\"_blank\" rel=\"noopener noreferrer\">Zapisnik sa redovne skup\u0161tine Dru\u0161tva knji\u017eni\u010dara Zadar 25. rujna 2014.<\/a><\/p>\n<p><a href=\"http:\/\/dkz.hr\/wp-content\/uploads\/2012\/09\/Skupstina_DKZ_2012.pdf\" target=\"_blank\" rel=\"noopener noreferrer\">Zapisnik sa skup\u0161tine Dru\u0161tva knji\u017eni\u010dara Zadar 12. lipnja 2012.<\/a><\/p>\n<p><a href=\"http:\/\/dkz.hr\/wp-content\/uploads\/2012\/06\/Zapisnik-UO_22.2.pdf\" target=\"_blank\" rel=\"noopener noreferrer\">Zapisnik sastanka Upravnog odbora 22. velja\u010de 2012.<\/a><\/p>\n<p><a href=\"http:\/\/dkz.hr\/wp-content\/uploads\/2011\/11\/Zapisnik_IS_sve.pdf\" target=\"_blank\" rel=\"noopener noreferrer\">Izborna skup\u0161tina 2011.<\/a><\/p>\n<p><a href=\"http:\/\/dkz.hr\/wp-content\/uploads\/2011\/10\/Zapisnik_UO_10.6.2011.pdf\" target=\"_blank\" rel=\"noopener noreferrer\">Zapisnik sastanka Upravnog odbora: 10.6.2011.<\/a><\/p>\n<p><a href=\"http:\/\/dkz.hr\/wp-content\/uploads\/2011\/10\/Zapisnik_UO_7.7.2011.pdf\" target=\"_blank\" rel=\"noopener noreferrer\">Zapisnik sastanka Upravnog odbora: 7.7.2011.<\/a><\/p>\n<p><a href=\"http:\/\/dkz.hr\/wp-content\/uploads\/2011\/10\/Zapisnik_UO_28.9.2011.pdf\" target=\"_blank\" rel=\"noopener noreferrer\">Zapisnik sastanka Upravnog odbora: 28.9.2011.<\/a><\/p>\n<p><a href=\"http:\/\/dkz.hr\/wp-content\/uploads\/2011\/10\/Zapisnik_UO_20.10.2011.pdf\" target=\"_blank\" rel=\"noopener noreferrer\">Zapisnik sastanka Upravnog odbora: 20.10.2011.<\/a><\/p>\n<p><a href=\"http:\/\/dkz.hr\/wp-content\/uploads\/2011\/10\/Upravni-odbor_izbor-tajnice.pdf\" target=\"_blank\" rel=\"noopener noreferrer\">Upravni odbor: izbor tajnice &#8211; 2011.<\/a><\/p>\n\n\n<p><\/p>\n","protected":false},"excerpt":{"rendered":"<p>Zapisnik s Izborne skup\u0161tine Dru\u0161tva knji\u017eni\u010dara Zadar odr\u017eane 18. rujna 2025. godine Zapisnik s Izborne skup\u0161tine Dru\u0161tva knji\u017eni\u010dara Zadar odr\u017eane 12. rujna 2024. godine Zapisnik s Izborne skup\u0161tine Dru\u0161tva knji\u017eni\u010dara Zadar odr\u017eane 20. rujna 2023. godine Zapisnik s Godi\u0161nje skup\u0161tine Dru\u0161tva knji\u017eni\u010dara Zadar odr\u017eane 19. rujna 2022. godine Zapisnik s Godi\u0161nje skup\u0161tine Dru\u0161tva knji\u017eni\u010dara Zadar &hellip; <a href=\"https:\/\/dkz.hr\/?page_id=69\" class=\"more-link\">Nastavi \u010ditati <span class=\"screen-reader-text\">Zapisnici<\/span><\/a><\/p>\n","protected":false},"author":9,"featured_media":0,"parent":60,"menu_order":3,"comment_status":"closed","ping_status":"closed","template":"","meta":{"footnotes":""},"class_list":["post-69","page","type-page","status-publish","hentry"],"_links":{"self":[{"href":"https:\/\/dkz.hr\/index.php?rest_route=\/wp\/v2\/pages\/69","targetHints":{"allow":["GET"]}}],"collection":[{"href":"https:\/\/dkz.hr\/index.php?rest_route=\/wp\/v2\/pages"}],"about":[{"href":"https:\/\/dkz.hr\/index.php?rest_route=\/wp\/v2\/types\/page"}],"author":[{"embeddable":true,"href":"https:\/\/dkz.hr\/index.php?rest_route=\/wp\/v2\/users\/9"}],"replies":[{"embeddable":true,"href":"https:\/\/dkz.hr\/index.php?rest_route=%2Fwp%2Fv2%2Fcomments&post=69"}],"version-history":[{"count":31,"href":"https:\/\/dkz.hr\/index.php?rest_route=\/wp\/v2\/pages\/69\/revisions"}],"predecessor-version":[{"id":2805,"href":"https:\/\/dkz.hr\/index.php?rest_route=\/wp\/v2\/pages\/69\/revisions\/2805"}],"up":[{"embeddable":true,"href":"https:\/\/dkz.hr\/index.php?rest_route=\/wp\/v2\/pages\/60"}],"wp:attachment":[{"href":"https:\/\/dkz.hr\/index.php?rest_route=%2Fwp%2Fv2%2Fmedia&parent=69"}],"curies":[{"name":"wp","href":"https:\/\/api.w.org\/{rel}","templated":true}]}}