{"id":67,"date":"2011-10-29T12:49:57","date_gmt":"2011-10-29T10:49:57","guid":{"rendered":"http:\/\/dkz.hr\/?page_id=67"},"modified":"2025-11-20T13:58:12","modified_gmt":"2025-11-20T12:58:12","slug":"izvjestaji-o-radu","status":"publish","type":"page","link":"https:\/\/dkz.hr\/?page_id=67","title":{"rendered":"Izvje\u0161taji o radu"},"content":{"rendered":"\n<p><a href=\"https:\/\/dkz.hr\/wp-content\/uploads\/2025\/11\/Izvjesce-predsjednika-o-radu-Drustva-knjiznicara-Zadar-za-izvjestajno-razdoblje-od-rujna-2024.-do-rujna-2025.pdf\" data-type=\"attachment\" data-id=\"2792\">Izvje\u0161\u0107e predsjednika o radu Dru\u0161tva knji\u017eni\u010dara Zadar za izvje\u0161tajno razdoblje od rujna 2024. do rujna 2025.<\/a><\/p>\n\n\n\n<p><a href=\"https:\/\/dkz.hr\/wp-content\/uploads\/2025\/11\/Financijsko-izvjesce-Drustva-knjiznicara-Zadar-za-razdoblje-od-rujna-2024.-do-rujna-2025-1.pdf\" data-type=\"attachment\" data-id=\"2793\">Financijsko izvje\u0161\u0107e Dru\u0161tva knji\u017eni\u010dara Zadar za razdoblje od rujna 2024. do rujna 2025.<\/a><\/p>\n\n\n\n<p><a href=\"https:\/\/dkz.hr\/wp-content\/uploads\/2024\/09\/Godisnje-izvjesce-o-radu-DKZ-2024.pdf\" target=\"_blank\" rel=\"noreferrer noopener\">Izvje\u0161\u0107e predsjednika o radu Dru\u0161tva knji\u017eni\u010dara Zadar za izvje\u0161tajno razdoblje od 20. rujna 2023. do 12. rujna 2024.<\/a><\/p>\n\n\n\n<p><a href=\"https:\/\/dkz.hr\/wp-content\/uploads\/2024\/09\/Financijsko-izvjesce-DKZ-2024.pdf\" target=\"_blank\" rel=\"noreferrer noopener\">Financijsko izvje\u0161\u0107e Dru\u0161tva knji\u017eni\u010dara Zadar za razdoblje od rujna 2023. do rujna 2024.<\/a><\/p>\n\n\n<p><a href=\"https:\/\/dkz.hr\/wp-content\/uploads\/2023\/09\/02-IZVJE\u0160\u0106E-predsjednika-o-radu-Dru\u0161tva-knji\u017eni\u010dara-Zadar-20.-rujan-2023-1.pdf\" target=\"_blank\" rel=\"noopener noreferrer\">Izvje\u0161\u0107e predsjednika o radu Dru\u0161tva knji\u017eni\u010dara Zadar za izvje\u0161tajno razdoblje od 19. rujna 2022. do 19. rujna 2023.<\/a><\/p>\n<p><a href=\"https:\/\/dkz.hr\/wp-content\/uploads\/2023\/09\/03-FINANCIJSKO-IZVJE\u0160\u0106E-Dru\u0161tva-knji\u017eni\u010dara-Zadar-20.-rujan-2023-1.pdf\" target=\"_blank\" rel=\"noopener noreferrer\">Financijsko izvje\u0161\u0107e Dru\u0161tva knji\u017eni\u010dara Zadar za razdoblje od rujna 2022. do rujna 2023.<\/a><\/p>\n<p><a href=\"https:\/\/dkz.hr\/wp-content\/uploads\/2023\/01\/02-IZVJE\u0160\u0106E-predsjednika-o-radu-Dru\u0161tva-knji\u017eni\u010dara-Zadar-rujan-2022.pdf\" target=\"_blank\" rel=\"noopener noreferrer\">Izvje\u0161\u0107e predsjednika o radu Dru\u0161tva knji\u017eni\u010dara Zadar za izvje\u0161tajno razdoblje od 16. rujna 2021. do 19. rujna 2022. godine<\/a><\/p>\n<p><a href=\"https:\/\/dkz.hr\/?attachment_id=2370\" rel=\"attachment wp-att-2370\">Financijsko izvje\u0161\u0107e Dru\u0161tva knji\u017eni\u010dara Zadar za razdoblje od rujna 2021. do rujna 2022.<\/a><\/p>\n<p><a href=\"https:\/\/dkz.hr\/wp-content\/uploads\/2021\/09\/02-IZVJE%C5%A0%C4%86E-predsjednika-o-radu-Dru%C5%A1tva-knji%C5%BEni%C4%8Dara-Zadar_rujan-2021.pdf\" rel=\"attachment wp-att-2201\">Izvje\u0161\u0107e predsjednika o radu Dru\u0161tva knji\u017eni\u010dara Zadar za izvje\u0161tajno razdoblje od\u00a016. rujna 2020. do 15. rujna 2021. godine.<\/a><\/p>\n<p><a href=\"https:\/\/dkz.hr\/wp-content\/uploads\/2021\/09\/03-FINANCIJSKO-IZVJE%C5%A0%C4%86E-Dru%C5%A1tva-knji%C5%BEni%C4%8Dara-Zadar_rujan-2021.pdf\" rel=\"attachment wp-att-2200\"> Financijsko izvje\u0161\u0107e Dru\u0161tva knji\u017eni\u010dara Zadar za razdoblje od sije\u010dnja do rujna 2021.<\/a><\/p>\n<p><a href=\"https:\/\/dkz.hr\/wp-content\/uploads\/2020\/09\/IZVJESCE-predsjednika-o-radu-Drustva-knjiznicara-Zadar-rujan-2020.pdf\" rel=\"attachment wp-att-2059\">Izvje\u0161\u0107e predsjednika o radu Dru\u0161tva knji\u017eni\u010dara Zadar za izvje\u0161tajno razdoblje od sije\u010dnja do rujna 2020.<\/a><\/p>\n<p><a href=\"https:\/\/dkz.hr\/wp-content\/uploads\/2020\/09\/FINANCIJSKO-IZVJESCE-Drustva-knjiznicara-Zadar-rujan-2020.pdf\" rel=\"attachment wp-att-2057\">Financijsko izvje\u0161\u0107e Dru\u0161tva knji\u017eni\u010dara Zadar za razdoblje od sije\u010dnja do rujna 2020.<\/a><\/p>\n<p><a href=\"https:\/\/dkz.hr\/wp-content\/uploads\/2018\/12\/skupstina_DKZ_2018_3_izvjesce.doc\" target=\"_blank\" rel=\"noopener noreferrer\">Izvje\u0161\u0107e za razdoblje od 7. prosinca 2017. do 5. studenoga 2018. godine<\/a><\/p>\n<p><a href=\"https:\/\/dkz.hr\/wp-content\/uploads\/2018\/12\/skupstina_dkz_2018_3_Fin.Izvjesce-08122017_01112018.doc\" target=\"_blank\" rel=\"noopener noreferrer\">Financijsko izvje\u0161\u0107e za razdoblje od 8. prosinca 2017. do 1. studenoga 2018.<\/a><\/p>\n<p><a href=\"https:\/\/dkz.hr\/wp-content\/uploads\/2017\/12\/skupstina_DKZ_2017_izvjesce.doc\" target=\"_blank\" rel=\"noopener noreferrer\">Izvje\u0161\u0107e za razdoblje od 18. lipnja 2016. do 7. prosinca 2017.<\/a><\/p>\n<p><a href=\"https:\/\/dkz.hr\/wp-content\/uploads\/2017\/12\/skupstina_DKZ_2017_fin_izvjesce.doc\" target=\"_blank\" rel=\"noopener noreferrer\">Financijsko izvje\u0161\u0107e za razdoblje od 17.06.2016 do 07.12.2017.<\/a><\/p>\n<p><a href=\"https:\/\/dkz.hr\/wp-content\/uploads\/2016\/06\/izvjesce_2016.pdf\" target=\"_blank\" rel=\"noopener noreferrer\">Izvje\u0161\u0107e za razdoblje od lipnja 2015. do lipnja 2016.<\/a><\/p>\n<p><a href=\"https:\/\/dkz.hr\/wp-content\/uploads\/2016\/06\/Fin.Izvjesce-10092015_16062016.pdf\" target=\"_blank\" rel=\"noopener noreferrer\">Financijsko izvje\u0161\u0107e za razdoblje od 10. rujna 2015. do 16. lipnja 2016.<\/a><\/p>\n<p><a href=\"http:\/\/dkz.hr\/wp-content\/uploads\/2015\/09\/izvjesce_o_radu_2015.doc\">Izvje\u0161\u0107e o radu Dru\u0161tva 2013-2015<\/a><\/p>\n<p><a href=\"http:\/\/dkz.hr\/wp-content\/uploads\/2014\/01\/2007_2009.pdf\">Izvje\u0161\u0107e o radu Dru\u0161tva 2007-2009<\/a><\/p>\n<p><a href=\"http:\/\/dkz.hr\/wp-content\/uploads\/2014\/01\/2007_2009.pdf\">Izvje\u0161\u0107e o radu Dru\u0161tva 2007-2009<\/a><\/p>\n<p><a href=\"http:\/\/dkz.hr\/wp-content\/uploads\/2014\/01\/2006_2007.pdf\">Izvje\u0161\u0107e o radu Dru\u0161tva 2006-2007<\/a><\/p>\n<p><a href=\"http:\/\/dkz.hr\/wp-content\/uploads\/2014\/01\/2004_2006.pdf\">Izvje\u0161\u0107e o radu Dru\u0161tva 2004-2006<\/a><\/p>\n<p><a href=\"http:\/\/dkz.hr\/wp-content\/uploads\/2014\/01\/2003_2004.pdf\">Izvje\u0161\u0107e o radu Dru\u0161tva 2003-2004<\/a><\/p>\n<p><a href=\"http:\/\/dkz.hr\/wp-content\/uploads\/2014\/01\/2000_2002.pdf\">Izvje\u0161\u0107e o radu Dru\u0161tva 2000-2002<\/a><\/p>","protected":false},"excerpt":{"rendered":"<p>Izvje\u0161\u0107e predsjednika o radu Dru\u0161tva knji\u017eni\u010dara Zadar za izvje\u0161tajno razdoblje od rujna 2024. do rujna 2025. Financijsko izvje\u0161\u0107e Dru\u0161tva knji\u017eni\u010dara Zadar za razdoblje od rujna 2024. do rujna 2025. Izvje\u0161\u0107e predsjednika o radu Dru\u0161tva knji\u017eni\u010dara Zadar za izvje\u0161tajno razdoblje od 20. rujna 2023. do 12. rujna 2024. Financijsko izvje\u0161\u0107e Dru\u0161tva knji\u017eni\u010dara Zadar za razdoblje od &hellip; <a href=\"https:\/\/dkz.hr\/?page_id=67\" class=\"more-link\">Nastavi \u010ditati <span class=\"screen-reader-text\">Izvje\u0161taji o radu<\/span><\/a><\/p>\n","protected":false},"author":9,"featured_media":0,"parent":60,"menu_order":2,"comment_status":"closed","ping_status":"closed","template":"","meta":{"footnotes":""},"class_list":["post-67","page","type-page","status-publish","hentry"],"_links":{"self":[{"href":"https:\/\/dkz.hr\/index.php?rest_route=\/wp\/v2\/pages\/67","targetHints":{"allow":["GET"]}}],"collection":[{"href":"https:\/\/dkz.hr\/index.php?rest_route=\/wp\/v2\/pages"}],"about":[{"href":"https:\/\/dkz.hr\/index.php?rest_route=\/wp\/v2\/types\/page"}],"author":[{"embeddable":true,"href":"https:\/\/dkz.hr\/index.php?rest_route=\/wp\/v2\/users\/9"}],"replies":[{"embeddable":true,"href":"https:\/\/dkz.hr\/index.php?rest_route=%2Fwp%2Fv2%2Fcomments&post=67"}],"version-history":[{"count":21,"href":"https:\/\/dkz.hr\/index.php?rest_route=\/wp\/v2\/pages\/67\/revisions"}],"predecessor-version":[{"id":2794,"href":"https:\/\/dkz.hr\/index.php?rest_route=\/wp\/v2\/pages\/67\/revisions\/2794"}],"up":[{"embeddable":true,"href":"https:\/\/dkz.hr\/index.php?rest_route=\/wp\/v2\/pages\/60"}],"wp:attachment":[{"href":"https:\/\/dkz.hr\/index.php?rest_route=%2Fwp%2Fv2%2Fmedia&parent=67"}],"curies":[{"name":"wp","href":"https:\/\/api.w.org\/{rel}","templated":true}]}}