{"id":62,"date":"2011-10-29T12:49:28","date_gmt":"2011-10-29T10:49:28","guid":{"rendered":"http:\/\/dkz.hr\/?page_id=62"},"modified":"2023-09-28T07:01:33","modified_gmt":"2023-09-28T06:01:33","slug":"statut","status":"publish","type":"page","link":"https:\/\/dkz.hr\/?page_id=62","title":{"rendered":"Statut"},"content":{"rendered":"<p><a href=\"https:\/\/dkz.hr\/wp-content\/uploads\/2023\/09\/Izmjene_i_dopune_2015-09-16-1.pdf\" target=\"_blank\" rel=\"noopener noreferrer\">Novi statut, usvojen na Izbornoj skup\u0161tini Dru\u0161tva knji\u017eni\u010dara Zadar 16.9.2015.<\/a><\/p>\n<p><a href=\"http:\/\/dkz.hr\/wp-content\/uploads\/2011\/10\/statut.pdf\" target=\"_blank\" rel=\"noopener noreferrer\">Statut Dru\u0161tva knji\u017eni\u010dara Zadar &#8211; 13.01.1998.<\/a><\/p>\n<p><a href=\"http:\/\/dkz.hr\/wp-content\/uploads\/2011\/10\/Izmjene-i-dopune-Statuta-03.-svibnja-2007..pdf\" target=\"_blank\" rel=\"noopener noreferrer\">Izmjene i dopune Statuta (03. svibnja 2007.)<\/a><\/p>\n<p><a href=\"http:\/\/dkz.hr\/wp-content\/uploads\/2011\/10\/Izmjene-i-dopune-Statuta-07.-rujna-2006..pdf\" target=\"_blank\" rel=\"noopener noreferrer\">Izmjene i dopune Statuta (07. rujna 2006.)<\/a><\/p>\n\n\n<p><\/p>\n","protected":false},"excerpt":{"rendered":"<p>Novi statut, usvojen na Izbornoj skup\u0161tini Dru\u0161tva knji\u017eni\u010dara Zadar 16.9.2015. Statut Dru\u0161tva knji\u017eni\u010dara Zadar &#8211; 13.01.1998. Izmjene i dopune Statuta (03. svibnja 2007.) Izmjene i dopune Statuta (07. rujna 2006.)<\/p>\n","protected":false},"author":9,"featured_media":0,"parent":60,"menu_order":0,"comment_status":"closed","ping_status":"closed","template":"","meta":{"footnotes":""},"class_list":["post-62","page","type-page","status-publish","hentry"],"_links":{"self":[{"href":"https:\/\/dkz.hr\/index.php?rest_route=\/wp\/v2\/pages\/62","targetHints":{"allow":["GET"]}}],"collection":[{"href":"https:\/\/dkz.hr\/index.php?rest_route=\/wp\/v2\/pages"}],"about":[{"href":"https:\/\/dkz.hr\/index.php?rest_route=\/wp\/v2\/types\/page"}],"author":[{"embeddable":true,"href":"https:\/\/dkz.hr\/index.php?rest_route=\/wp\/v2\/users\/9"}],"replies":[{"embeddable":true,"href":"https:\/\/dkz.hr\/index.php?rest_route=%2Fwp%2Fv2%2Fcomments&post=62"}],"version-history":[{"count":14,"href":"https:\/\/dkz.hr\/index.php?rest_route=\/wp\/v2\/pages\/62\/revisions"}],"predecessor-version":[{"id":2471,"href":"https:\/\/dkz.hr\/index.php?rest_route=\/wp\/v2\/pages\/62\/revisions\/2471"}],"up":[{"embeddable":true,"href":"https:\/\/dkz.hr\/index.php?rest_route=\/wp\/v2\/pages\/60"}],"wp:attachment":[{"href":"https:\/\/dkz.hr\/index.php?rest_route=%2Fwp%2Fv2%2Fmedia&parent=62"}],"curies":[{"name":"wp","href":"https:\/\/api.w.org\/{rel}","templated":true}]}}