{"id":581,"date":"2013-07-29T13:38:54","date_gmt":"2013-07-29T11:38:54","guid":{"rendered":"http:\/\/dkz.hr\/?page_id=581"},"modified":"2014-11-07T13:28:20","modified_gmt":"2014-11-07T12:28:20","slug":"predstavljanje-vodica-kroz-knjiznice-zadarske-zupanije","status":"publish","type":"page","link":"https:\/\/dkz.hr\/?page_id=581","title":{"rendered":"Predstavljanje vodi\u010da kroz knji\u017enice Zadarske \u017eupanije"},"content":{"rendered":"<div id='gallery-1' class='gallery galleryid-581 gallery-columns-3 gallery-size-thumbnail'><figure class='gallery-item'>\n\t\t\t<div class='gallery-icon landscape'>\n\t\t\t\t<a href='https:\/\/dkz.hr\/wp-content\/uploads\/2013\/07\/IMG_9931-e1375098816482.jpg'><img loading=\"lazy\" decoding=\"async\" width=\"150\" height=\"150\" src=\"https:\/\/dkz.hr\/wp-content\/uploads\/2013\/07\/IMG_9931-150x150.jpg\" class=\"attachment-thumbnail size-thumbnail\" alt=\"Knji\u017enice zadarske \u017eupanije: Vodi\u010d\" \/><\/a>\n\t\t\t<\/div><\/figure><figure class='gallery-item'>\n\t\t\t<div class='gallery-icon landscape'>\n\t\t\t\t<a href='https:\/\/dkz.hr\/wp-content\/uploads\/2013\/07\/IMG_9932-e1375098802558.jpg'><img loading=\"lazy\" decoding=\"async\" width=\"150\" height=\"150\" src=\"https:\/\/dkz.hr\/wp-content\/uploads\/2013\/07\/IMG_9932-150x150.jpg\" class=\"attachment-thumbnail size-thumbnail\" alt=\"Knji\u017enice zadarske \u017eupanije: Vodi\u010d\" \/><\/a>\n\t\t\t<\/div><\/figure><figure class='gallery-item'>\n\t\t\t<div class='gallery-icon landscape'>\n\t\t\t\t<a href='https:\/\/dkz.hr\/wp-content\/uploads\/2013\/07\/IMG_9936-e1375098776963.jpg'><img loading=\"lazy\" decoding=\"async\" width=\"150\" height=\"150\" src=\"https:\/\/dkz.hr\/wp-content\/uploads\/2013\/07\/IMG_9936-150x150.jpg\" class=\"attachment-thumbnail size-thumbnail\" alt=\"Knji\u017enice zadarske \u017eupanije: Vodi\u010d\" \/><\/a>\n\t\t\t<\/div><\/figure><figure class='gallery-item'>\n\t\t\t<div class='gallery-icon landscape'>\n\t\t\t\t<a href='https:\/\/dkz.hr\/wp-content\/uploads\/2013\/07\/IMG_9938-e1375098754539.jpg'><img loading=\"lazy\" decoding=\"async\" width=\"150\" height=\"150\" src=\"https:\/\/dkz.hr\/wp-content\/uploads\/2013\/07\/IMG_9938-150x150.jpg\" class=\"attachment-thumbnail size-thumbnail\" alt=\"Knji\u017enice zadarske \u017eupanije: Vodi\u010d\" \/><\/a>\n\t\t\t<\/div><\/figure>\n\t\t<\/div>\n\n","protected":false},"excerpt":{"rendered":"","protected":false},"author":9,"featured_media":0,"parent":306,"menu_order":0,"comment_status":"closed","ping_status":"open","template":"","meta":{"footnotes":""},"class_list":["post-581","page","type-page","status-publish","hentry"],"_links":{"self":[{"href":"https:\/\/dkz.hr\/index.php?rest_route=\/wp\/v2\/pages\/581","targetHints":{"allow":["GET"]}}],"collection":[{"href":"https:\/\/dkz.hr\/index.php?rest_route=\/wp\/v2\/pages"}],"about":[{"href":"https:\/\/dkz.hr\/index.php?rest_route=\/wp\/v2\/types\/page"}],"author":[{"embeddable":true,"href":"https:\/\/dkz.hr\/index.php?rest_route=\/wp\/v2\/users\/9"}],"replies":[{"embeddable":true,"href":"https:\/\/dkz.hr\/index.php?rest_route=%2Fwp%2Fv2%2Fcomments&post=581"}],"version-history":[{"count":5,"href":"https:\/\/dkz.hr\/index.php?rest_route=\/wp\/v2\/pages\/581\/revisions"}],"predecessor-version":[{"id":587,"href":"https:\/\/dkz.hr\/index.php?rest_route=\/wp\/v2\/pages\/581\/revisions\/587"}],"up":[{"embeddable":true,"href":"https:\/\/dkz.hr\/index.php?rest_route=\/wp\/v2\/pages\/306"}],"wp:attachment":[{"href":"https:\/\/dkz.hr\/index.php?rest_route=%2Fwp%2Fv2%2Fmedia&parent=581"}],"curies":[{"name":"wp","href":"https:\/\/api.w.org\/{rel}","templated":true}]}}