{"id":410,"date":"2013-03-22T23:43:08","date_gmt":"2013-03-22T21:43:08","guid":{"rendered":"http:\/\/dkz.hr\/?page_id=410"},"modified":"2014-11-07T13:28:20","modified_gmt":"2014-11-07T12:28:20","slug":"radionica-vrednovanje-informacijskih-usluga-16-12-2011","status":"publish","type":"page","link":"https:\/\/dkz.hr\/?page_id=410","title":{"rendered":"Radionica Vrednovanje informacijskih usluga, 16.12.2011."},"content":{"rendered":"<p>Voditelji: mr. sc. Martina Dragija Ivanovi\u0107 i doc. dr. sc. Boris Badurina<br \/>\nMjesto odr\u017eavanja: Ra\u010dunalna u\u010dionica 41, Novi kampus, Sveu\u010dili\u0161te u Zadru<\/p>\n<div id='gallery-1' class='gallery galleryid-410 gallery-columns-3 gallery-size-thumbnail'><figure class='gallery-item'>\n\t\t\t<div class='gallery-icon landscape'>\n\t\t\t\t<a href='https:\/\/dkz.hr\/wp-content\/uploads\/2013\/03\/IMG_0135.jpg'><img loading=\"lazy\" decoding=\"async\" width=\"150\" height=\"150\" src=\"https:\/\/dkz.hr\/wp-content\/uploads\/2013\/03\/IMG_0135-150x150.jpg\" class=\"attachment-thumbnail size-thumbnail\" alt=\"\" \/><\/a>\n\t\t\t<\/div><\/figure><figure class='gallery-item'>\n\t\t\t<div class='gallery-icon landscape'>\n\t\t\t\t<a href='https:\/\/dkz.hr\/wp-content\/uploads\/2013\/03\/IMG_0136.jpg'><img loading=\"lazy\" decoding=\"async\" width=\"150\" height=\"150\" src=\"https:\/\/dkz.hr\/wp-content\/uploads\/2013\/03\/IMG_0136-150x150.jpg\" class=\"attachment-thumbnail size-thumbnail\" alt=\"\" \/><\/a>\n\t\t\t<\/div><\/figure><figure class='gallery-item'>\n\t\t\t<div class='gallery-icon portrait'>\n\t\t\t\t<a href='https:\/\/dkz.hr\/wp-content\/uploads\/2013\/03\/IMG_0137.jpg'><img loading=\"lazy\" decoding=\"async\" width=\"150\" height=\"150\" src=\"https:\/\/dkz.hr\/wp-content\/uploads\/2013\/03\/IMG_0137-150x150.jpg\" class=\"attachment-thumbnail size-thumbnail\" alt=\"\" \/><\/a>\n\t\t\t<\/div><\/figure><figure class='gallery-item'>\n\t\t\t<div class='gallery-icon portrait'>\n\t\t\t\t<a href='https:\/\/dkz.hr\/wp-content\/uploads\/2013\/03\/IMG_0138.jpg'><img loading=\"lazy\" decoding=\"async\" width=\"150\" height=\"150\" src=\"https:\/\/dkz.hr\/wp-content\/uploads\/2013\/03\/IMG_0138-150x150.jpg\" class=\"attachment-thumbnail size-thumbnail\" alt=\"\" \/><\/a>\n\t\t\t<\/div><\/figure>\n\t\t<\/div>\n\n","protected":false},"excerpt":{"rendered":"<p>Voditelji: mr. sc. Martina Dragija Ivanovi\u0107 i doc. dr. sc. Boris Badurina Mjesto odr\u017eavanja: Ra\u010dunalna u\u010dionica 41, Novi kampus, Sveu\u010dili\u0161te u Zadru<\/p>\n","protected":false},"author":9,"featured_media":0,"parent":306,"menu_order":3,"comment_status":"closed","ping_status":"open","template":"","meta":{"footnotes":""},"class_list":["post-410","page","type-page","status-publish","hentry"],"_links":{"self":[{"href":"https:\/\/dkz.hr\/index.php?rest_route=\/wp\/v2\/pages\/410","targetHints":{"allow":["GET"]}}],"collection":[{"href":"https:\/\/dkz.hr\/index.php?rest_route=\/wp\/v2\/pages"}],"about":[{"href":"https:\/\/dkz.hr\/index.php?rest_route=\/wp\/v2\/types\/page"}],"author":[{"embeddable":true,"href":"https:\/\/dkz.hr\/index.php?rest_route=\/wp\/v2\/users\/9"}],"replies":[{"embeddable":true,"href":"https:\/\/dkz.hr\/index.php?rest_route=%2Fwp%2Fv2%2Fcomments&post=410"}],"version-history":[{"count":7,"href":"https:\/\/dkz.hr\/index.php?rest_route=\/wp\/v2\/pages\/410\/revisions"}],"predecessor-version":[{"id":1354,"href":"https:\/\/dkz.hr\/index.php?rest_route=\/wp\/v2\/pages\/410\/revisions\/1354"}],"up":[{"embeddable":true,"href":"https:\/\/dkz.hr\/index.php?rest_route=\/wp\/v2\/pages\/306"}],"wp:attachment":[{"href":"https:\/\/dkz.hr\/index.php?rest_route=%2Fwp%2Fv2%2Fmedia&parent=410"}],"curies":[{"name":"wp","href":"https:\/\/api.w.org\/{rel}","templated":true}]}}