{"id":398,"date":"2013-03-22T23:34:20","date_gmt":"2013-03-22T21:34:20","guid":{"rendered":"http:\/\/dkz.hr\/?page_id=398"},"modified":"2014-11-07T13:28:20","modified_gmt":"2014-11-07T12:28:20","slug":"drugi-strucni-kolokvij-drustva-knjiznicara-zadar-28-3-2012","status":"publish","type":"page","link":"https:\/\/dkz.hr\/?page_id=398","title":{"rendered":"Drugi stru\u010dni kolokvij Dru\u0161tva knji\u017eni\u010dara Zadar, 28.3.2012."},"content":{"rendered":"<p>Predava\u010di: mag. knji\u017e. Ante Kolanovi\u0107 i mag. knji\u017e. Ivan Mio\u010di\u0107<br \/>\nMjesto odr\u017eavanja: Izlo\u017ebena dvorana Znanstvene knji\u017enice<\/p>\n<div id='gallery-1' class='gallery galleryid-398 gallery-columns-3 gallery-size-thumbnail'><figure class='gallery-item'>\n\t\t\t<div class='gallery-icon landscape'>\n\t\t\t\t<a href='https:\/\/dkz.hr\/wp-content\/uploads\/2013\/03\/DKZ_3_2012_1.jpg'><img loading=\"lazy\" decoding=\"async\" width=\"150\" height=\"150\" src=\"https:\/\/dkz.hr\/wp-content\/uploads\/2013\/03\/DKZ_3_2012_1-150x150.jpg\" class=\"attachment-thumbnail size-thumbnail\" alt=\"\" \/><\/a>\n\t\t\t<\/div><\/figure><figure class='gallery-item'>\n\t\t\t<div class='gallery-icon landscape'>\n\t\t\t\t<a href='https:\/\/dkz.hr\/wp-content\/uploads\/2013\/03\/DKZ_3_2012_2.jpg'><img loading=\"lazy\" decoding=\"async\" width=\"150\" height=\"150\" src=\"https:\/\/dkz.hr\/wp-content\/uploads\/2013\/03\/DKZ_3_2012_2-150x150.jpg\" class=\"attachment-thumbnail size-thumbnail\" alt=\"\" \/><\/a>\n\t\t\t<\/div><\/figure><figure class='gallery-item'>\n\t\t\t<div class='gallery-icon landscape'>\n\t\t\t\t<a href='https:\/\/dkz.hr\/wp-content\/uploads\/2013\/03\/DKZ_3_2012_3.jpg'><img loading=\"lazy\" decoding=\"async\" width=\"150\" height=\"150\" src=\"https:\/\/dkz.hr\/wp-content\/uploads\/2013\/03\/DKZ_3_2012_3-150x150.jpg\" class=\"attachment-thumbnail size-thumbnail\" alt=\"\" \/><\/a>\n\t\t\t<\/div><\/figure><figure class='gallery-item'>\n\t\t\t<div class='gallery-icon landscape'>\n\t\t\t\t<a href='https:\/\/dkz.hr\/wp-content\/uploads\/2013\/03\/DKZ_3_2012_4.jpg'><img loading=\"lazy\" decoding=\"async\" width=\"150\" height=\"150\" src=\"https:\/\/dkz.hr\/wp-content\/uploads\/2013\/03\/DKZ_3_2012_4-150x150.jpg\" class=\"attachment-thumbnail size-thumbnail\" alt=\"\" \/><\/a>\n\t\t\t<\/div><\/figure><figure class='gallery-item'>\n\t\t\t<div class='gallery-icon landscape'>\n\t\t\t\t<a href='https:\/\/dkz.hr\/wp-content\/uploads\/2013\/03\/DKZ_3_2012_5.jpg'><img loading=\"lazy\" decoding=\"async\" width=\"150\" height=\"150\" src=\"https:\/\/dkz.hr\/wp-content\/uploads\/2013\/03\/DKZ_3_2012_5-150x150.jpg\" class=\"attachment-thumbnail size-thumbnail\" alt=\"\" \/><\/a>\n\t\t\t<\/div><\/figure><figure class='gallery-item'>\n\t\t\t<div class='gallery-icon landscape'>\n\t\t\t\t<a href='https:\/\/dkz.hr\/wp-content\/uploads\/2013\/03\/DKZ_3_2012_6.jpg'><img loading=\"lazy\" decoding=\"async\" width=\"150\" height=\"150\" src=\"https:\/\/dkz.hr\/wp-content\/uploads\/2013\/03\/DKZ_3_2012_6-150x150.jpg\" class=\"attachment-thumbnail size-thumbnail\" alt=\"\" \/><\/a>\n\t\t\t<\/div><\/figure>\n\t\t<\/div>\n\n","protected":false},"excerpt":{"rendered":"<p>Predava\u010di: mag. knji\u017e. Ante Kolanovi\u0107 i mag. knji\u017e. Ivan Mio\u010di\u0107 Mjesto odr\u017eavanja: Izlo\u017ebena dvorana Znanstvene knji\u017enice<\/p>\n","protected":false},"author":9,"featured_media":0,"parent":306,"menu_order":2,"comment_status":"closed","ping_status":"open","template":"","meta":{"footnotes":""},"class_list":["post-398","page","type-page","status-publish","hentry"],"_links":{"self":[{"href":"https:\/\/dkz.hr\/index.php?rest_route=\/wp\/v2\/pages\/398","targetHints":{"allow":["GET"]}}],"collection":[{"href":"https:\/\/dkz.hr\/index.php?rest_route=\/wp\/v2\/pages"}],"about":[{"href":"https:\/\/dkz.hr\/index.php?rest_route=\/wp\/v2\/types\/page"}],"author":[{"embeddable":true,"href":"https:\/\/dkz.hr\/index.php?rest_route=\/wp\/v2\/users\/9"}],"replies":[{"embeddable":true,"href":"https:\/\/dkz.hr\/index.php?rest_route=%2Fwp%2Fv2%2Fcomments&post=398"}],"version-history":[{"count":6,"href":"https:\/\/dkz.hr\/index.php?rest_route=\/wp\/v2\/pages\/398\/revisions"}],"predecessor-version":[{"id":1353,"href":"https:\/\/dkz.hr\/index.php?rest_route=\/wp\/v2\/pages\/398\/revisions\/1353"}],"up":[{"embeddable":true,"href":"https:\/\/dkz.hr\/index.php?rest_route=\/wp\/v2\/pages\/306"}],"wp:attachment":[{"href":"https:\/\/dkz.hr\/index.php?rest_route=%2Fwp%2Fv2%2Fmedia&parent=398"}],"curies":[{"name":"wp","href":"https:\/\/api.w.org\/{rel}","templated":true}]}}