{"id":39,"date":"2011-10-29T12:43:19","date_gmt":"2011-10-29T10:43:19","guid":{"rendered":"http:\/\/dkz.hr\/?page_id=39"},"modified":"2014-11-07T13:28:19","modified_gmt":"2014-11-07T12:28:19","slug":"djelatnosti","status":"publish","type":"page","link":"https:\/\/dkz.hr\/?page_id=39","title":{"rendered":"Djelatnosti"},"content":{"rendered":"<p>Osnovna djelatnost Dru\u0161tva je:<\/p>\n<ul>\n<li>unapre\u0111enje knji\u017eni\u010darske struke i knji\u017eni\u010darske djelatnosti<\/li>\n<\/ul>\n<ul>\n<li>stru\u010dna pomo\u0107 u osnivanju i razvijanju razli\u010ditih tipova knji\u017enica<\/li>\n<\/ul>\n<ul>\n<li>\u0161irenje zanimanja za prosvjetno djelovanje i za znanstveni rad u knji\u017enicama<\/li>\n<\/ul>\n<ul>\n<li>povezivanje i unapre\u0111ivanje dru\u0161tvenog i ekonomskog polo\u017eaja knji\u017eni\u010darskih djelatnika na svom podru\u010dju.<\/li>\n<\/ul>\n<p>&nbsp;<\/p>\n","protected":false},"excerpt":{"rendered":"<p>Osnovna djelatnost Dru\u0161tva je: unapre\u0111enje knji\u017eni\u010darske struke i knji\u017eni\u010darske djelatnosti stru\u010dna pomo\u0107 u osnivanju i razvijanju razli\u010ditih tipova knji\u017enica \u0161irenje zanimanja za prosvjetno djelovanje i za znanstveni rad u knji\u017enicama povezivanje i unapre\u0111ivanje dru\u0161tvenog i ekonomskog polo\u017eaja knji\u017eni\u010darskih djelatnika na svom podru\u010dju. &nbsp;<\/p>\n","protected":false},"author":9,"featured_media":0,"parent":29,"menu_order":3,"comment_status":"closed","ping_status":"closed","template":"","meta":{"footnotes":""},"class_list":["post-39","page","type-page","status-publish","hentry"],"_links":{"self":[{"href":"https:\/\/dkz.hr\/index.php?rest_route=\/wp\/v2\/pages\/39","targetHints":{"allow":["GET"]}}],"collection":[{"href":"https:\/\/dkz.hr\/index.php?rest_route=\/wp\/v2\/pages"}],"about":[{"href":"https:\/\/dkz.hr\/index.php?rest_route=\/wp\/v2\/types\/page"}],"author":[{"embeddable":true,"href":"https:\/\/dkz.hr\/index.php?rest_route=\/wp\/v2\/users\/9"}],"replies":[{"embeddable":true,"href":"https:\/\/dkz.hr\/index.php?rest_route=%2Fwp%2Fv2%2Fcomments&post=39"}],"version-history":[{"count":6,"href":"https:\/\/dkz.hr\/index.php?rest_route=\/wp\/v2\/pages\/39\/revisions"}],"predecessor-version":[{"id":152,"href":"https:\/\/dkz.hr\/index.php?rest_route=\/wp\/v2\/pages\/39\/revisions\/152"}],"up":[{"embeddable":true,"href":"https:\/\/dkz.hr\/index.php?rest_route=\/wp\/v2\/pages\/29"}],"wp:attachment":[{"href":"https:\/\/dkz.hr\/index.php?rest_route=%2Fwp%2Fv2%2Fmedia&parent=39"}],"curies":[{"name":"wp","href":"https:\/\/api.w.org\/{rel}","templated":true}]}}