{"id":378,"date":"2013-03-22T23:18:04","date_gmt":"2013-03-22T21:18:04","guid":{"rendered":"http:\/\/dkz.hr\/?page_id=378"},"modified":"2014-11-07T13:28:20","modified_gmt":"2014-11-07T12:28:20","slug":"treci-strucni-kolokvij-drustva-knjiznicara-zadar-5-11-2012","status":"publish","type":"page","link":"https:\/\/dkz.hr\/?page_id=378","title":{"rendered":"Tre\u0107i stru\u010dni kolokvij Dru\u0161tva knji\u017eni\u010dara Zadar, 5.11.2012."},"content":{"rendered":"<p>Predava\u010di:<\/p>\n<ul>\n<li>Dajana Brunac i Ivanka Stri\u010devi\u0107 (IFLA WLIC 2012)<\/li>\n<\/ul>\n<p>38. skup\u0161tina HKD-a u Osijeku, 26.09.-28.09.2012:<\/p>\n<ul>\n<li>\u017dozefina \u017dentil Bari\u0107 (\u010citateljski blogovi)<\/li>\n<li>Marina Maruna (Pristup knji\u017eni\u010dnoj gra\u0111i kori\u0161tenjem web stranice mati\u010dne ustanove Arheolo\u0161ki muzej Zadar)<\/li>\n<li>\u017deljka Aleksi\u0107 i Igor \u010colak (Registracija knji\u017eni\u010dne gra\u0111e u ba\u0161tinskim ustanovama i Okrugli stol 38. skup\u0161tine)<\/li>\n<li>Mladen Masar (38. skup\u0161tina HKD-a)<\/li>\n<\/ul>\n<p>Mjesto odr\u017eavanja: Izlo\u017ebena dvorana Znanstvene knji\u017enice<\/p>\n<div id='gallery-1' class='gallery galleryid-378 gallery-columns-3 gallery-size-thumbnail'><figure class='gallery-item'>\n\t\t\t<div class='gallery-icon portrait'>\n\t\t\t\t<a href='https:\/\/dkz.hr\/wp-content\/uploads\/2013\/03\/DKZ_11_2012_1.jpg'><img loading=\"lazy\" decoding=\"async\" width=\"150\" height=\"150\" src=\"https:\/\/dkz.hr\/wp-content\/uploads\/2013\/03\/DKZ_11_2012_1-150x150.jpg\" class=\"attachment-thumbnail size-thumbnail\" alt=\"\" \/><\/a>\n\t\t\t<\/div><\/figure><figure class='gallery-item'>\n\t\t\t<div class='gallery-icon landscape'>\n\t\t\t\t<a href='https:\/\/dkz.hr\/wp-content\/uploads\/2013\/03\/DKZ_11_2012_2.jpg'><img loading=\"lazy\" decoding=\"async\" width=\"150\" height=\"150\" src=\"https:\/\/dkz.hr\/wp-content\/uploads\/2013\/03\/DKZ_11_2012_2-150x150.jpg\" class=\"attachment-thumbnail size-thumbnail\" alt=\"\" \/><\/a>\n\t\t\t<\/div><\/figure><figure class='gallery-item'>\n\t\t\t<div class='gallery-icon landscape'>\n\t\t\t\t<a href='https:\/\/dkz.hr\/wp-content\/uploads\/2013\/03\/DKZ_11_2012_3.jpg'><img loading=\"lazy\" decoding=\"async\" width=\"150\" height=\"150\" src=\"https:\/\/dkz.hr\/wp-content\/uploads\/2013\/03\/DKZ_11_2012_3-150x150.jpg\" class=\"attachment-thumbnail size-thumbnail\" alt=\"\" \/><\/a>\n\t\t\t<\/div><\/figure><figure class='gallery-item'>\n\t\t\t<div class='gallery-icon landscape'>\n\t\t\t\t<a href='https:\/\/dkz.hr\/wp-content\/uploads\/2013\/03\/DKZ_11_2012_4.jpg'><img loading=\"lazy\" decoding=\"async\" width=\"150\" height=\"150\" src=\"https:\/\/dkz.hr\/wp-content\/uploads\/2013\/03\/DKZ_11_2012_4-150x150.jpg\" class=\"attachment-thumbnail size-thumbnail\" alt=\"\" \/><\/a>\n\t\t\t<\/div><\/figure><figure class='gallery-item'>\n\t\t\t<div class='gallery-icon landscape'>\n\t\t\t\t<a href='https:\/\/dkz.hr\/wp-content\/uploads\/2013\/03\/DKZ_11_2012_5.jpg'><img loading=\"lazy\" decoding=\"async\" width=\"150\" height=\"150\" src=\"https:\/\/dkz.hr\/wp-content\/uploads\/2013\/03\/DKZ_11_2012_5-150x150.jpg\" class=\"attachment-thumbnail size-thumbnail\" alt=\"\" \/><\/a>\n\t\t\t<\/div><\/figure><figure class='gallery-item'>\n\t\t\t<div class='gallery-icon landscape'>\n\t\t\t\t<a href='https:\/\/dkz.hr\/wp-content\/uploads\/2013\/03\/DKZ_11_2012_6.jpg'><img loading=\"lazy\" decoding=\"async\" width=\"150\" height=\"150\" src=\"https:\/\/dkz.hr\/wp-content\/uploads\/2013\/03\/DKZ_11_2012_6-150x150.jpg\" class=\"attachment-thumbnail size-thumbnail\" alt=\"\" \/><\/a>\n\t\t\t<\/div><\/figure><figure class='gallery-item'>\n\t\t\t<div class='gallery-icon landscape'>\n\t\t\t\t<a href='https:\/\/dkz.hr\/wp-content\/uploads\/2013\/03\/DKZ_11_2012_7.jpg'><img loading=\"lazy\" decoding=\"async\" width=\"150\" height=\"150\" src=\"https:\/\/dkz.hr\/wp-content\/uploads\/2013\/03\/DKZ_11_2012_7-150x150.jpg\" class=\"attachment-thumbnail size-thumbnail\" alt=\"\" \/><\/a>\n\t\t\t<\/div><\/figure>\n\t\t<\/div>\n\n<p>&nbsp;<\/p>\n","protected":false},"excerpt":{"rendered":"<p>Predava\u010di: Dajana Brunac i Ivanka Stri\u010devi\u0107 (IFLA WLIC 2012) 38. skup\u0161tina HKD-a u Osijeku, 26.09.-28.09.2012: \u017dozefina \u017dentil Bari\u0107 (\u010citateljski blogovi) Marina Maruna (Pristup knji\u017eni\u010dnoj gra\u0111i kori\u0161tenjem web stranice mati\u010dne ustanove Arheolo\u0161ki muzej Zadar) \u017deljka Aleksi\u0107 i Igor \u010colak (Registracija knji\u017eni\u010dne gra\u0111e u ba\u0161tinskim ustanovama i Okrugli stol 38. skup\u0161tine) Mladen Masar (38. skup\u0161tina HKD-a) Mjesto &hellip; <a href=\"https:\/\/dkz.hr\/?page_id=378\" class=\"more-link\">Nastavi \u010ditati <span class=\"screen-reader-text\">Tre\u0107i stru\u010dni kolokvij Dru\u0161tva knji\u017eni\u010dara Zadar, 5.11.2012.<\/span><\/a><\/p>\n","protected":false},"author":9,"featured_media":0,"parent":306,"menu_order":0,"comment_status":"closed","ping_status":"open","template":"","meta":{"footnotes":""},"class_list":["post-378","page","type-page","status-publish","hentry"],"_links":{"self":[{"href":"https:\/\/dkz.hr\/index.php?rest_route=\/wp\/v2\/pages\/378","targetHints":{"allow":["GET"]}}],"collection":[{"href":"https:\/\/dkz.hr\/index.php?rest_route=\/wp\/v2\/pages"}],"about":[{"href":"https:\/\/dkz.hr\/index.php?rest_route=\/wp\/v2\/types\/page"}],"author":[{"embeddable":true,"href":"https:\/\/dkz.hr\/index.php?rest_route=\/wp\/v2\/users\/9"}],"replies":[{"embeddable":true,"href":"https:\/\/dkz.hr\/index.php?rest_route=%2Fwp%2Fv2%2Fcomments&post=378"}],"version-history":[{"count":18,"href":"https:\/\/dkz.hr\/index.php?rest_route=\/wp\/v2\/pages\/378\/revisions"}],"predecessor-version":[{"id":1351,"href":"https:\/\/dkz.hr\/index.php?rest_route=\/wp\/v2\/pages\/378\/revisions\/1351"}],"up":[{"embeddable":true,"href":"https:\/\/dkz.hr\/index.php?rest_route=\/wp\/v2\/pages\/306"}],"wp:attachment":[{"href":"https:\/\/dkz.hr\/index.php?rest_route=%2Fwp%2Fv2%2Fmedia&parent=378"}],"curies":[{"name":"wp","href":"https:\/\/api.w.org\/{rel}","templated":true}]}}