{"id":37,"date":"2011-10-29T12:43:04","date_gmt":"2011-10-29T10:43:04","guid":{"rendered":"http:\/\/dkz.hr\/?page_id=37"},"modified":"2023-09-25T07:49:24","modified_gmt":"2023-09-25T06:49:24","slug":"tijela-drustva","status":"publish","type":"page","link":"https:\/\/dkz.hr\/?page_id=37","title":{"rendered":"Tijela dru\u0161tva"},"content":{"rendered":"<h2>2023. &#8211; 2027.<\/h2>\n<p>Predsjednica DKZ-a: Matea Bakmaz<\/p>\n<p>Upravni odbor:<\/p>\n<p>1. Matea Bakmaz, predsjednica<br \/>\n2. Norma Mio\u010di\u0107, dopredsjednica<br \/>\n3. Antonijela Neki\u0107<\/p>\n<p>Tajnik: Tomislav Bla\u017eevi\u0107<\/p>\n<h2>2019. &#8211; 2023.<\/h2>\n<p>Predsjednik DKZ-a: Milko Belevski<\/p>\n<p>Upravni odbor:<\/p>\n<p>1. Milko Belevski, predsjednik<br \/>\n2. Zrinka D\u017eoi\u0107, dopredsjednik<br \/>\n3. Antonio Milanovi\u0107<\/p>\n<p>Tajnik: Matea Bakmaz<\/p>\n<h2>2015. &#8211; 2019.<\/h2>\n<p>Predsjednik DKZ-a: Mladen Masar<\/p>\n<p>Upravni odbor:<\/p>\n<p>1. Mladen Masar, predsjednik<br \/>\n2. Robert Nezirovi\u0107, dopredsjednik<br \/>\n3. Gorica Lovri\u0107<\/p>\n<p>Tajnik: Ante Kolanovi\u0107<\/p>\n<h2>2013. &#8211; 2015.<\/h2>\n<p>Predsjednik DKZ-a:\u00a0Mladen Masar<\/p>\n<p>Upravni odbor:<\/p>\n<p>1. Mladen Masar, predsjednik<br \/>\n2. Robert Nezirovi\u0107, potpredsjednik<br \/>\n3. Marina Maruna<br \/>\n4. Mirta Mato\u0161i\u0107<br \/>\n5. Ljiljana Petru\u0161i\u0107<\/p>\n<p>Nadzorni odbor:<\/p>\n<p>1. Milenka Bukvi\u0107<br \/>\n2. Ivan Pehar<br \/>\n3. Tomislav Bla\u017eevi\u0107<\/p>\n<p>Tajnik: Ante Kolanovi\u0107<\/p>\n","protected":false},"excerpt":{"rendered":"<p>2023. &#8211; 2027. Predsjednica DKZ-a: Matea Bakmaz Upravni odbor: 1. Matea Bakmaz, predsjednica 2. Norma Mio\u010di\u0107, dopredsjednica 3. Antonijela Neki\u0107 Tajnik: Tomislav Bla\u017eevi\u0107 2019. &#8211; 2023. Predsjednik DKZ-a: Milko Belevski Upravni odbor: 1. Milko Belevski, predsjednik 2. Zrinka D\u017eoi\u0107, dopredsjednik 3. Antonio Milanovi\u0107 Tajnik: Matea Bakmaz 2015. &#8211; 2019. Predsjednik DKZ-a: Mladen Masar Upravni odbor: &hellip; <a href=\"https:\/\/dkz.hr\/?page_id=37\" class=\"more-link\">Nastavi \u010ditati <span class=\"screen-reader-text\">Tijela dru\u0161tva<\/span><\/a><\/p>\n","protected":false},"author":9,"featured_media":0,"parent":29,"menu_order":2,"comment_status":"closed","ping_status":"closed","template":"","meta":{"footnotes":""},"class_list":["post-37","page","type-page","status-publish","hentry"],"_links":{"self":[{"href":"https:\/\/dkz.hr\/index.php?rest_route=\/wp\/v2\/pages\/37","targetHints":{"allow":["GET"]}}],"collection":[{"href":"https:\/\/dkz.hr\/index.php?rest_route=\/wp\/v2\/pages"}],"about":[{"href":"https:\/\/dkz.hr\/index.php?rest_route=\/wp\/v2\/types\/page"}],"author":[{"embeddable":true,"href":"https:\/\/dkz.hr\/index.php?rest_route=\/wp\/v2\/users\/9"}],"replies":[{"embeddable":true,"href":"https:\/\/dkz.hr\/index.php?rest_route=%2Fwp%2Fv2%2Fcomments&post=37"}],"version-history":[{"count":8,"href":"https:\/\/dkz.hr\/index.php?rest_route=\/wp\/v2\/pages\/37\/revisions"}],"predecessor-version":[{"id":1508,"href":"https:\/\/dkz.hr\/index.php?rest_route=\/wp\/v2\/pages\/37\/revisions\/1508"}],"up":[{"embeddable":true,"href":"https:\/\/dkz.hr\/index.php?rest_route=\/wp\/v2\/pages\/29"}],"wp:attachment":[{"href":"https:\/\/dkz.hr\/index.php?rest_route=%2Fwp%2Fv2%2Fmedia&parent=37"}],"curies":[{"name":"wp","href":"https:\/\/api.w.org\/{rel}","templated":true}]}}