{"id":306,"date":"2013-03-13T20:07:32","date_gmt":"2013-03-13T18:07:32","guid":{"rendered":"http:\/\/dkz.hr\/?page_id=306"},"modified":"2019-01-22T16:13:05","modified_gmt":"2019-01-22T15:13:05","slug":"galerija-2","status":"publish","type":"page","link":"https:\/\/dkz.hr\/?page_id=306","title":{"rendered":"Galerije"},"content":{"rendered":"<p><a href=\"https:\/\/dkz.hr\/?page_id=1972\">Projekcija dokumentarnog filma \u201cVitez bibliotekar\u201d<\/a><\/p>\n<p><a title=\"Dru\u0161tvo knji\u017eni\u010dara Zadar na 43. Skup\u0161tini HKD-a\" href=\"https:\/\/dkz.hr\/?page_id=1941\">Dru\u0161tvo knji\u017eni\u010dara Zadar na 43. Skup\u0161tini HKD-a<\/a><\/p>\n<p><a title=\"Dru\u0161tvo knji\u017eni\u010dara Zadar u posjetu Sarajevu 11. i 12. svibnja 2018. g.\" href=\"https:\/\/dkz.hr\/?page_id=1826\">Dru\u0161tvo knji\u017eni\u010dara Zadar u posjetu Sarajevu 11. i 12. svibnja 2018. g.<\/a><\/p>\n<p><a title=\"8. stru\u010dni kolokvij i posjet Zavodu za povijesne znanosti HAZU u Zadru, 16.11.2016.\" href=\"https:\/\/dkz.hr\/?page_id=1667\">8. stru\u010dni kolokvij i posjet Zavodu za povijesne znanosti HAZU u Zadru, 16.11.2016.<\/a><\/p>\n<p><a title=\"Poludnevni stru\u010dni skup i skup\u0161tina Dru\u0161tva knji\u017eni\u010dara Zadar, 17.6.2016.\" href=\"https:\/\/dkz.hr\/?page_id=1626\">Poludnevni stru\u010dni skup i skup\u0161tina Dru\u0161tva knji\u017eni\u010dara Zadar, 17.6.2016.<\/a><\/p>\n<p><a title=\"Posjet Dr\u017eavnom arhivu u Zadru\" href=\"https:\/\/dkz.hr\/?page_id=1591\">Posjet Dr\u017eavnom arhivu u Zadru, 22.3.2016.<\/a><\/p>\n<p><a title=\"5. stru\u010dni kolokvij\" href=\"http:\/\/dkz.hr\/?page_id=1330\">Peti stru\u010dni kolokvij Dru\u0161tva Knji\u017eni\u010dara Zadar,\u00a030.10.2014.<\/a><\/p>\n<p><a title=\"Radilo se usprkos\u2026!\" href=\"http:\/\/dkz.hr\/?page_id=1222\">Radilo se usprkos&#8230;!<\/a><\/p>\n<p><a title=\"Stru\u010dno putovanje u Ogulin, 1.6.2014.\" href=\"http:\/\/dkz.hr\/?page_id=1176\">Stru\u010dno putovanje u Ogulin, 1.6.2014.<\/a><\/p>\n<p><a title=\"4. stru\u010dni kolokvij\" href=\"http:\/\/dkz.hr\/?page_id=1152\">\u010cetvrti stru\u010dni kolokvij Dru\u0161tva knji\u017eni\u010dara Zadar, 27.5.2014.<\/a><\/p>\n<p><a title=\"MKP radionica\" href=\"http:\/\/dkz.hr\/?page_id=984\">MKP radionica<\/a><\/p>\n<p><a title=\"Facebook, zapravo\" href=\"http:\/\/dkz.hr\/?page_id=909\">Facebook, zapravo<\/a><\/p>\n<p><a title=\"Radionica \u201cKnji\u017enice i dru\u0161tveni mediji\u201d\" href=\"http:\/\/dkz.hr\/?page_id=844\">Radionica Knji\u017enice i dru\u0161tveni mediji<\/a><\/p>\n<p><a title=\"Predstavljanje vodi\u010da kroz knji\u017enice Zadarske \u017eupanije\" href=\"http:\/\/dkz.hr\/?page_id=581\">Predstavljanje vodi\u010da kroz knji\u017enice Zadarske \u017eupanije<\/a><\/p>\n<p><a title=\"Tre\u0107i stru\u010dni kolokvij Dru\u0161tva knji\u017eni\u010dara Zadar, 5.11.2012.\" href=\"http:\/\/dkz.hr\/?page_id=378\">Tre\u0107i stru\u010dni kolokvij Dru\u0161tva knji\u017eni\u010dara Zadar, 5.11.2012.<\/a><\/p>\n<p><a title=\"Stru\u010dno putovanje u Split, 29.5.2012.\" href=\"http:\/\/dkz.hr\/?page_id=323\">Stru\u010dno putovanje u Split, 29.5.2012.<\/a><\/p>\n<p><a title=\"Drugi stru\u010dni kolokvij Dru\u0161tva knji\u017eni\u010dara Zadar, 28.3.2012.\" href=\"http:\/\/dkz.hr\/?page_id=398\">Drugi stru\u010dni kolokvij Dru\u0161tva knji\u017eni\u010dara Zadar, 28.3.2012.<\/a><\/p>\n<p><a title=\"Radionica Vrednovanje informacijskih usluga, 16.12.2011.\" href=\"http:\/\/dkz.hr\/?page_id=410\">Radionica Vrednovanje informacijskih usluga, 16.12.2011.<\/a><\/p>\n","protected":false},"excerpt":{"rendered":"<p>Projekcija dokumentarnog filma \u201cVitez bibliotekar\u201d Dru\u0161tvo knji\u017eni\u010dara Zadar na 43. Skup\u0161tini HKD-a Dru\u0161tvo knji\u017eni\u010dara Zadar u posjetu Sarajevu 11. i 12. svibnja 2018. g. 8. stru\u010dni kolokvij i posjet Zavodu za povijesne znanosti HAZU u Zadru, 16.11.2016. Poludnevni stru\u010dni skup i skup\u0161tina Dru\u0161tva knji\u017eni\u010dara Zadar, 17.6.2016. Posjet Dr\u017eavnom arhivu u Zadru, 22.3.2016. Peti stru\u010dni kolokvij &hellip; <a href=\"https:\/\/dkz.hr\/?page_id=306\" class=\"more-link\">Nastavi \u010ditati <span class=\"screen-reader-text\">Galerije<\/span><\/a><\/p>\n","protected":false},"author":9,"featured_media":0,"parent":0,"menu_order":3,"comment_status":"closed","ping_status":"open","template":"","meta":{"footnotes":""},"class_list":["post-306","page","type-page","status-publish","hentry"],"_links":{"self":[{"href":"https:\/\/dkz.hr\/index.php?rest_route=\/wp\/v2\/pages\/306","targetHints":{"allow":["GET"]}}],"collection":[{"href":"https:\/\/dkz.hr\/index.php?rest_route=\/wp\/v2\/pages"}],"about":[{"href":"https:\/\/dkz.hr\/index.php?rest_route=\/wp\/v2\/types\/page"}],"author":[{"embeddable":true,"href":"https:\/\/dkz.hr\/index.php?rest_route=\/wp\/v2\/users\/9"}],"replies":[{"embeddable":true,"href":"https:\/\/dkz.hr\/index.php?rest_route=%2Fwp%2Fv2%2Fcomments&post=306"}],"version-history":[{"count":85,"href":"https:\/\/dkz.hr\/index.php?rest_route=\/wp\/v2\/pages\/306\/revisions"}],"predecessor-version":[{"id":1990,"href":"https:\/\/dkz.hr\/index.php?rest_route=\/wp\/v2\/pages\/306\/revisions\/1990"}],"wp:attachment":[{"href":"https:\/\/dkz.hr\/index.php?rest_route=%2Fwp%2Fv2%2Fmedia&parent=306"}],"curies":[{"name":"wp","href":"https:\/\/api.w.org\/{rel}","templated":true}]}}