{"id":1749,"date":"2017-12-05T14:54:17","date_gmt":"2017-12-05T13:54:17","guid":{"rendered":"https:\/\/dkz.hr\/?page_id=1749"},"modified":"2026-01-27T14:24:47","modified_gmt":"2026-01-27T13:24:47","slug":"clanarina","status":"publish","type":"page","link":"https:\/\/dkz.hr\/?page_id=1749","title":{"rendered":"\u010clanarina"},"content":{"rendered":"<p><strong>Podatci za uplatu \u010dlanarine za DKZ:<\/strong><\/p>\n<p><strong>Iznos<\/strong>: 30 \u20ac<br \/><strong>Br. ra\u010duna<\/strong>: HR8424840081103375098<br \/><strong>Opis<\/strong>: \u010dlanarina za 2026.<br \/><strong>Model i poziv na broj odobrenja<\/strong>: HR02 012026 (012026 &#8211; mjesec i godina uplate)<\/p>\n<p>Molimo \u010dlanove koji uplate online da nas obavijeste o uplati (&#x64;&#x72;&#117;&#115;t&#x76;&#x6f;&#x40;&#100;&#107;z&#x2e;&#x68;&#x72;) kako bismo a\u017eurirali status \u010dlanstva. Hvala!<\/p>\n\n\n<p><\/p>\n","protected":false},"excerpt":{"rendered":"<p>Podatci za uplatu \u010dlanarine za DKZ: Iznos: 30 \u20acBr. ra\u010duna: HR8424840081103375098Opis: \u010dlanarina za 2026.Model i poziv na broj odobrenja: HR02 012026 (012026 &#8211; mjesec i godina uplate) Molimo \u010dlanove koji uplate online da nas obavijeste o uplati (&#100;&#x72;&#117;&#x73;t&#118;&#x6f;&#64;&#x64;k&#x7a;&#46;&#104;&#x72;) kako bismo a\u017eurirali status \u010dlanstva. Hvala!<\/p>\n","protected":false},"author":9,"featured_media":0,"parent":0,"menu_order":0,"comment_status":"closed","ping_status":"closed","template":"","meta":{"footnotes":""},"class_list":["post-1749","page","type-page","status-publish","hentry"],"_links":{"self":[{"href":"https:\/\/dkz.hr\/index.php?rest_route=\/wp\/v2\/pages\/1749","targetHints":{"allow":["GET"]}}],"collection":[{"href":"https:\/\/dkz.hr\/index.php?rest_route=\/wp\/v2\/pages"}],"about":[{"href":"https:\/\/dkz.hr\/index.php?rest_route=\/wp\/v2\/types\/page"}],"author":[{"embeddable":true,"href":"https:\/\/dkz.hr\/index.php?rest_route=\/wp\/v2\/users\/9"}],"replies":[{"embeddable":true,"href":"https:\/\/dkz.hr\/index.php?rest_route=%2Fwp%2Fv2%2Fcomments&post=1749"}],"version-history":[{"count":13,"href":"https:\/\/dkz.hr\/index.php?rest_route=\/wp\/v2\/pages\/1749\/revisions"}],"predecessor-version":[{"id":2811,"href":"https:\/\/dkz.hr\/index.php?rest_route=\/wp\/v2\/pages\/1749\/revisions\/2811"}],"wp:attachment":[{"href":"https:\/\/dkz.hr\/index.php?rest_route=%2Fwp%2Fv2%2Fmedia&parent=1749"}],"curies":[{"name":"wp","href":"https:\/\/api.w.org\/{rel}","templated":true}]}}