{"id":1436,"date":"2015-06-30T19:13:14","date_gmt":"2015-06-30T18:13:14","guid":{"rendered":"http:\/\/dkz.hr\/?page_id=1436"},"modified":"2020-08-10T12:16:08","modified_gmt":"2020-08-10T11:16:08","slug":"mrezno-mjesto-dkz-hr","status":"publish","type":"page","link":"https:\/\/dkz.hr\/?page_id=1436","title":{"rendered":"Mre\u017eno mjesto dkz.hr"},"content":{"rendered":"<h2>Webmasteri dkz.hr<\/h2>\n<p>2011. do 2013. godine: Roko Mi\u010di\u0107 i Luka Bratovi\u0107<br \/>\n2013. do 2019. godine: Jakov M. Ve\u017ei\u0107<br \/>\n2019. do (trenutno): Ivan Kova\u010d<\/p>\n<h2>Urednici dkz.hr<\/h2>\n<p>2011. do 2013. godine: Dora Rubini\u0107<br \/>\n2013. do 2019. godine: Ante Kolanovi\u0107<br \/>\n2019. do (trenutno): Matea Bakmaz<\/p>\n","protected":false},"excerpt":{"rendered":"<p>Webmasteri dkz.hr 2011. do 2013. godine: Roko Mi\u010di\u0107 i Luka Bratovi\u0107 2013. do 2019. godine: Jakov M. Ve\u017ei\u0107 2019. do (trenutno): Ivan Kova\u010d Urednici dkz.hr 2011. do 2013. godine: Dora Rubini\u0107 2013. do 2019. godine: Ante Kolanovi\u0107 2019. do (trenutno): Matea Bakmaz<\/p>\n","protected":false},"author":9,"featured_media":0,"parent":29,"menu_order":0,"comment_status":"closed","ping_status":"closed","template":"","meta":{"footnotes":""},"class_list":["post-1436","page","type-page","status-publish","hentry"],"_links":{"self":[{"href":"https:\/\/dkz.hr\/index.php?rest_route=\/wp\/v2\/pages\/1436","targetHints":{"allow":["GET"]}}],"collection":[{"href":"https:\/\/dkz.hr\/index.php?rest_route=\/wp\/v2\/pages"}],"about":[{"href":"https:\/\/dkz.hr\/index.php?rest_route=\/wp\/v2\/types\/page"}],"author":[{"embeddable":true,"href":"https:\/\/dkz.hr\/index.php?rest_route=\/wp\/v2\/users\/9"}],"replies":[{"embeddable":true,"href":"https:\/\/dkz.hr\/index.php?rest_route=%2Fwp%2Fv2%2Fcomments&post=1436"}],"version-history":[{"count":2,"href":"https:\/\/dkz.hr\/index.php?rest_route=\/wp\/v2\/pages\/1436\/revisions"}],"predecessor-version":[{"id":1438,"href":"https:\/\/dkz.hr\/index.php?rest_route=\/wp\/v2\/pages\/1436\/revisions\/1438"}],"up":[{"embeddable":true,"href":"https:\/\/dkz.hr\/index.php?rest_route=\/wp\/v2\/pages\/29"}],"wp:attachment":[{"href":"https:\/\/dkz.hr\/index.php?rest_route=%2Fwp%2Fv2%2Fmedia&parent=1436"}],"curies":[{"name":"wp","href":"https:\/\/api.w.org\/{rel}","templated":true}]}}